{"id":668,"date":"2019-09-17T21:19:44","date_gmt":"2019-09-18T02:19:44","guid":{"rendered":"http:\/\/www.cpepoidsplume.ca\/?page_id=668"},"modified":"2019-09-18T07:25:39","modified_gmt":"2019-09-18T12:25:39","slug":"lattachement-de-nos-petits","status":"publish","type":"page","link":"https:\/\/www.cpepoidsplume.ca\/index.php\/lattachement-de-nos-petits\/","title":{"rendered":"L&rsquo;attachement de nos petits"},"content":{"rendered":"\n<p>La ressource suivante se penche sur l&rsquo;attachement de nos petits. Publi\u00e9 en 2019, sous le titre P\u2019tit guide attachement par la Table de des partenaires en petite enfance (TPPE) de Saint-Hubert, il procure de multiples pistes de r\u00e9flexion sur des situations de tous les jours et comment les aborder afin de favoriser l&rsquo;attachement de nos petits. Des ressources additionnelles pour en savoir plus sont sugg\u00e9r\u00e9es \u00e0 la fin.  <\/p>\n\n\n\n<p>R\u00e9f\u00e9rence web: <a href=\"http:\/\/www.autourdestout-petits.ca\/tppe\/ptit-guide-et-capsules-attachement\/#\">http:\/\/www.autourdestout-petits.ca\/tppe\/ptit-guide-et-capsules-attachement\/#<\/a> <\/p>\n\n\n\n<p><\/p>\n\n\n\n\n\n\n\n  \t<div class=\"pdf-light-viewer js-pdf-light-viewer pdf-light-viewer--theme-light\" \t\tdata-enable-zoom=\"1\"         data-zoom-magnify=\"1\">  \t\t \t\t<div class=\"pdf-light-viewer-magazine-viewport js-pdf-light-viewer-magazine-viewport with-nav-bottom\">  \t\t\t\t\t\t\t<ul class=\"pdf-light-viewer-features-top-panel\"> \t\t\t\t\t      <li>         <a title=\"Plein-\u00e9cran\" href=\"#!\" class=\"js-pdf-light-viewer-fullscreen\">             <i class=\"icons slicon-size-fullscreen\"><\/i>             <i class=\"icons slicon-size-actual initially-hidden\"><\/i>         <\/a>     <\/li>      <li>         <a class=\"js-pdf-light-viewer-toggle-zoom\" href=\"#!\" title=\"Zoom activ\u00e9\">             <i class=\"icons slicon-frame\"><\/i>         <\/a>     <\/li>    \t\t\t\t<\/ul> \t\t\t \t\t\t<div class=\"pdf-light-viewer-magazine-viewport-container\"> \t\t\t\t<div class=\"js-pdf-light-viewer-magazine pdf-light-viewer-magazine\"                     data-max-book-width=\"0\"                     data-max-book-height=\"0\"                     data-limit-fullscreen-book-height=\"0\" \t\t\t\t\tdata-width=\"3300\" \t\t\t\t\tdata-height=\"2550\" \t\t\t\t\tdata-pages-count=\"3\" \t\t\t\t\tdata-page-layout=\"adaptive\"                     data-download-page-format=\"jpg\"                     data-theme=\"\"                     data-disable-images-preloading=\"0\"> \t\t\t\t\t\t\t\t\t\t\t<div style=\"background-image:url('https:\/\/www.cpepoidsplume.ca\/wp-content\/plugins\/pdf-light-viewer\/resources\/assets\/img\/lightpaperfibers.png');\"> \t\t\t\t\t\t\t<div class=\"gradient\"><\/div>                                                             <img \t\t\t\t\t\t\t\t\tclass=\"js-pdf-light-viewer-lazy-loading js-pdf-light-viewer-lazy-loading-1 initially-hidden\" \t\t\t\t\t\t\t\t\tsrc=\"https:\/\/i2.wp.com\/www.cpepoidsplume.ca\/wp-content\/plugins\/pdf-light-viewer\/resources\/assets\/img\/lightpaperfibers.png?w=640&#038;ssl=1\" \t\t\t\t\t\t\t\t\tdata-original=\"http:\/\/www.cpepoidsplume.ca\/wp-content\/uploads\/pdf-light-viewer\/681\/page-00001.jpg\" \t\t\t\t\t\t\t\t\t\t\t\t\t\t\t\t\t\t\t\t\t\t\t\t\t\t data-recalc-dims=\"1\"\t\/>                             \t\t\t\t\t\t<\/div> \t\t\t\t\t\t\t\t\t\t\t<div style=\"background-image:url('https:\/\/www.cpepoidsplume.ca\/wp-content\/plugins\/pdf-light-viewer\/resources\/assets\/img\/lightpaperfibers.png');\"> \t\t\t\t\t\t\t<div class=\"gradient\"><\/div>                                                             <img \t\t\t\t\t\t\t\t\tclass=\"js-pdf-light-viewer-lazy-loading js-pdf-light-viewer-lazy-loading-2 initially-hidden\" \t\t\t\t\t\t\t\t\tsrc=\"https:\/\/i2.wp.com\/www.cpepoidsplume.ca\/wp-content\/plugins\/pdf-light-viewer\/resources\/assets\/img\/lightpaperfibers.png?w=640&#038;ssl=1\" \t\t\t\t\t\t\t\t\tdata-original=\"http:\/\/www.cpepoidsplume.ca\/wp-content\/uploads\/pdf-light-viewer\/681\/page-00002.jpg\" \t\t\t\t\t\t\t\t\t\t\t\t\t\t\t\t\t\t\t\t\t\t\t\t\t\t data-recalc-dims=\"1\"\t\/>                             \t\t\t\t\t\t<\/div> \t\t\t\t\t\t\t\t\t\t\t<div style=\"background-image:url('https:\/\/www.cpepoidsplume.ca\/wp-content\/plugins\/pdf-light-viewer\/resources\/assets\/img\/lightpaperfibers.png');\"> \t\t\t\t\t\t\t<div class=\"gradient\"><\/div>                                                             <img \t\t\t\t\t\t\t\t\tclass=\"js-pdf-light-viewer-lazy-loading js-pdf-light-viewer-lazy-loading-3 initially-hidden\" \t\t\t\t\t\t\t\t\tsrc=\"https:\/\/i2.wp.com\/www.cpepoidsplume.ca\/wp-content\/plugins\/pdf-light-viewer\/resources\/assets\/img\/lightpaperfibers.png?w=640&#038;ssl=1\" \t\t\t\t\t\t\t\t\tdata-original=\"http:\/\/www.cpepoidsplume.ca\/wp-content\/uploads\/pdf-light-viewer\/681\/page-00003.jpg\" \t\t\t\t\t\t\t\t\t\t\t\t\t\t\t\t\t\t\t\t\t\t\t\t\t\t data-recalc-dims=\"1\"\t\/>                             \t\t\t\t\t\t<\/div> \t\t\t\t\t\t\t\t\t<\/div> \t\t\t<\/div> \t\t<\/div>  \t\t<!-- Thumbnails --> \t\t\t\t\t<div class=\"pdf-light-viewer-magazine-thumbnails js-pdf-light-viewer-magazine-thumbnails\">  \t\t\t\t<div class=\"pdf-light-viewer-features-bottom-panel\"> \t\t\t\t\t<ul>     <li>         <div class=\"i pdf-light-viewer-slide\">             <a href=\"#page\/1\" class=\"page-1 js-page-thumbnail\">                 <img                     src=\"https:\/\/i0.wp.com\/www.cpepoidsplume.ca\/wp-content\/uploads\/pdf-light-viewer\/681-thumbs\/page-00001-100x76.jpg?resize=100%2C76\"                     alt=\"\"                     data-recalc-dims=\"1\" \/>             <\/a>             <span>                 1                             <\/span>         <\/div>     <\/li>             <li>             <div class=\"d pdf-light-viewer-slide\">                 <a href=\"#page\/2\" class=\"page-2 js-page-thumbnail\">                     <img                         src=\"https:\/\/i2.wp.com\/www.cpepoidsplume.ca\/wp-content\/uploads\/pdf-light-viewer\/681-thumbs\/page-00002-100x76.jpg?resize=100%2C76\"                         alt=\"\"                         data-recalc-dims=\"1\" \/>                 <\/a>                 <a href=\"#page\/3\" class=\"page-3 js-page-thumbnail\">                     <img                         src=\"https:\/\/i1.wp.com\/www.cpepoidsplume.ca\/wp-content\/uploads\/pdf-light-viewer\/681-thumbs\/page-00003-100x76.jpg?resize=100%2C76\"                         alt=\"\"                         data-recalc-dims=\"1\" \/>                 <\/a>                 <span>                                          2-3                                     <\/span>             <\/div>         <\/li>          <\/ul> \t\t\t\t<\/div>  \t\t\t<\/div> \t\t \t<\/div>  \n\n\n\n  \t<div class=\"pdf-light-viewer js-pdf-light-viewer pdf-light-viewer--theme-light\" \t\tdata-enable-zoom=\"1\"         data-zoom-magnify=\"1\">  \t\t \t\t<div class=\"pdf-light-viewer-magazine-viewport js-pdf-light-viewer-magazine-viewport with-nav-bottom\">  \t\t\t\t\t\t\t<ul class=\"pdf-light-viewer-features-top-panel\"> \t\t\t\t\t      <li>         <a title=\"Plein-\u00e9cran\" href=\"#!\" class=\"js-pdf-light-viewer-fullscreen\">             <i class=\"icons slicon-size-fullscreen\"><\/i>             <i class=\"icons slicon-size-actual initially-hidden\"><\/i>         <\/a>     <\/li>      <li>         <a class=\"js-pdf-light-viewer-toggle-zoom\" href=\"#!\" title=\"Zoom activ\u00e9\">             <i class=\"icons slicon-frame\"><\/i>         <\/a>     <\/li>    \t\t\t\t<\/ul> \t\t\t \t\t\t<div class=\"pdf-light-viewer-magazine-viewport-container\"> \t\t\t\t<div class=\"js-pdf-light-viewer-magazine pdf-light-viewer-magazine\"                     data-max-book-width=\"0\"                     data-max-book-height=\"0\"                     data-limit-fullscreen-book-height=\"0\" \t\t\t\t\tdata-width=\"3300\" \t\t\t\t\tdata-height=\"2550\" \t\t\t\t\tdata-pages-count=\"4\" \t\t\t\t\tdata-page-layout=\"adaptive\"                     data-download-page-format=\"jpg\"                     data-theme=\"\"                     data-disable-images-preloading=\"0\"> \t\t\t\t\t\t\t\t\t\t\t<div style=\"background-image:url('https:\/\/www.cpepoidsplume.ca\/wp-content\/plugins\/pdf-light-viewer\/resources\/assets\/img\/lightpaperfibers.png');\"> \t\t\t\t\t\t\t<div class=\"gradient\"><\/div>                                                             <img \t\t\t\t\t\t\t\t\tclass=\"js-pdf-light-viewer-lazy-loading js-pdf-light-viewer-lazy-loading-1 initially-hidden\" \t\t\t\t\t\t\t\t\tsrc=\"https:\/\/i2.wp.com\/www.cpepoidsplume.ca\/wp-content\/plugins\/pdf-light-viewer\/resources\/assets\/img\/lightpaperfibers.png?w=640&#038;ssl=1\" \t\t\t\t\t\t\t\t\tdata-original=\"http:\/\/www.cpepoidsplume.ca\/wp-content\/uploads\/pdf-light-viewer\/683\/page-00001.jpg\" \t\t\t\t\t\t\t\t\t\t\t\t\t\t\t\t\t\t\t\t\t\t\t\t\t\t data-recalc-dims=\"1\"\t\/>                             \t\t\t\t\t\t<\/div> \t\t\t\t\t\t\t\t\t\t\t<div style=\"background-image:url('https:\/\/www.cpepoidsplume.ca\/wp-content\/plugins\/pdf-light-viewer\/resources\/assets\/img\/lightpaperfibers.png');\"> \t\t\t\t\t\t\t<div class=\"gradient\"><\/div>                                                             <img \t\t\t\t\t\t\t\t\tclass=\"js-pdf-light-viewer-lazy-loading js-pdf-light-viewer-lazy-loading-2 initially-hidden\" \t\t\t\t\t\t\t\t\tsrc=\"https:\/\/i2.wp.com\/www.cpepoidsplume.ca\/wp-content\/plugins\/pdf-light-viewer\/resources\/assets\/img\/lightpaperfibers.png?w=640&#038;ssl=1\" \t\t\t\t\t\t\t\t\tdata-original=\"http:\/\/www.cpepoidsplume.ca\/wp-content\/uploads\/pdf-light-viewer\/683\/page-00002.jpg\" \t\t\t\t\t\t\t\t\t\t\t\t\t\t\t\t\t\t\t\t\t\t\t\t\t\t data-recalc-dims=\"1\"\t\/>                             \t\t\t\t\t\t<\/div> \t\t\t\t\t\t\t\t\t\t\t<div style=\"background-image:url('https:\/\/www.cpepoidsplume.ca\/wp-content\/plugins\/pdf-light-viewer\/resources\/assets\/img\/lightpaperfibers.png');\"> \t\t\t\t\t\t\t<div class=\"gradient\"><\/div>                                                             <img \t\t\t\t\t\t\t\t\tclass=\"js-pdf-light-viewer-lazy-loading js-pdf-light-viewer-lazy-loading-3 initially-hidden\" \t\t\t\t\t\t\t\t\tsrc=\"https:\/\/i2.wp.com\/www.cpepoidsplume.ca\/wp-content\/plugins\/pdf-light-viewer\/resources\/assets\/img\/lightpaperfibers.png?w=640&#038;ssl=1\" \t\t\t\t\t\t\t\t\tdata-original=\"http:\/\/www.cpepoidsplume.ca\/wp-content\/uploads\/pdf-light-viewer\/683\/page-00003.jpg\" \t\t\t\t\t\t\t\t\t\t\t\t\t\t\t\t\t\t\t\t\t\t\t\t\t\t data-recalc-dims=\"1\"\t\/>                             \t\t\t\t\t\t<\/div> \t\t\t\t\t\t\t\t\t\t\t<div style=\"background-image:url('https:\/\/www.cpepoidsplume.ca\/wp-content\/plugins\/pdf-light-viewer\/resources\/assets\/img\/lightpaperfibers.png');\"> \t\t\t\t\t\t\t<div class=\"gradient\"><\/div>                                                             <img \t\t\t\t\t\t\t\t\tclass=\"js-pdf-light-viewer-lazy-loading js-pdf-light-viewer-lazy-loading-4 initially-hidden\" \t\t\t\t\t\t\t\t\tsrc=\"https:\/\/i2.wp.com\/www.cpepoidsplume.ca\/wp-content\/plugins\/pdf-light-viewer\/resources\/assets\/img\/lightpaperfibers.png?w=640&#038;ssl=1\" \t\t\t\t\t\t\t\t\tdata-original=\"http:\/\/www.cpepoidsplume.ca\/wp-content\/uploads\/pdf-light-viewer\/683\/page-00004.jpg\" \t\t\t\t\t\t\t\t\t\t\t\t\t\t\t\t\t\t\t\t\t\t\t\t\t\t data-recalc-dims=\"1\"\t\/>                             \t\t\t\t\t\t<\/div> \t\t\t\t\t\t\t\t\t<\/div> \t\t\t<\/div> \t\t<\/div>  \t\t<!-- Thumbnails --> \t\t\t\t\t<div class=\"pdf-light-viewer-magazine-thumbnails js-pdf-light-viewer-magazine-thumbnails\">  \t\t\t\t<div class=\"pdf-light-viewer-features-bottom-panel\"> \t\t\t\t\t<ul>     <li>         <div class=\"i pdf-light-viewer-slide\">             <a href=\"#page\/1\" class=\"page-1 js-page-thumbnail\">                 <img                     src=\"https:\/\/i1.wp.com\/www.cpepoidsplume.ca\/wp-content\/uploads\/pdf-light-viewer\/683-thumbs\/page-00001-100x76.jpg?resize=100%2C76\"                     alt=\"\"                     data-recalc-dims=\"1\" \/>             <\/a>             <span>                 1                             <\/span>         <\/div>     <\/li>             <li>             <div class=\"d pdf-light-viewer-slide\">                 <a href=\"#page\/2\" class=\"page-2 js-page-thumbnail\">                     <img                         src=\"https:\/\/i1.wp.com\/www.cpepoidsplume.ca\/wp-content\/uploads\/pdf-light-viewer\/683-thumbs\/page-00002-100x76.jpg?resize=100%2C76\"                         alt=\"\"                         data-recalc-dims=\"1\" \/>                 <\/a>                 <a href=\"#page\/3\" class=\"page-3 js-page-thumbnail\">                     <img                         src=\"https:\/\/i0.wp.com\/www.cpepoidsplume.ca\/wp-content\/uploads\/pdf-light-viewer\/683-thumbs\/page-00003-100x76.jpg?resize=100%2C76\"                         alt=\"\"                         data-recalc-dims=\"1\" \/>                 <\/a>                 <span>                                          2-3                                     <\/span>             <\/div>         <\/li>                  <li>             <div class=\"i pdf-light-viewer-slide\">                 <a href=\"#page\/4\" class=\"page-4 js-page-thumbnail\">                     <img                         src=\"https:\/\/i0.wp.com\/www.cpepoidsplume.ca\/wp-content\/uploads\/pdf-light-viewer\/683-thumbs\/page-00004-100x76.jpg?resize=100%2C76\"                         alt=\"\"                         data-recalc-dims=\"1\" \/>                 <\/a>                 <span>                     4                                    <\/span>             <\/div>         <\/li>     <\/ul> \t\t\t\t<\/div>  \t\t\t<\/div> \t\t \t<\/div>  \n","protected":false},"excerpt":{"rendered":"<p>La ressource suivante se penche sur l&rsquo;attachement de nos petits. Publi\u00e9 en 2019, sous le titre P\u2019tit guide attachement par la Table de des partenaires en petite enfance (TPPE) de Saint-Hubert, il procure de multiples [&hellip;]<\/p>\n","protected":false},"author":1,"featured_media":0,"parent":0,"menu_order":0,"comment_status":"closed","ping_status":"closed","template":"","meta":{"spay_email":""},"jetpack_sharing_enabled":true,"jetpack_shortlink":"https:\/\/wp.me\/P9W3xx-aM","jetpack_likes_enabled":true,"jetpack-related-posts":[],"_links":{"self":[{"href":"https:\/\/www.cpepoidsplume.ca\/index.php\/wp-json\/wp\/v2\/pages\/668"}],"collection":[{"href":"https:\/\/www.cpepoidsplume.ca\/index.php\/wp-json\/wp\/v2\/pages"}],"about":[{"href":"https:\/\/www.cpepoidsplume.ca\/index.php\/wp-json\/wp\/v2\/types\/page"}],"author":[{"embeddable":true,"href":"https:\/\/www.cpepoidsplume.ca\/index.php\/wp-json\/wp\/v2\/users\/1"}],"replies":[{"embeddable":true,"href":"https:\/\/www.cpepoidsplume.ca\/index.php\/wp-json\/wp\/v2\/comments?post=668"}],"version-history":[{"count":6,"href":"https:\/\/www.cpepoidsplume.ca\/index.php\/wp-json\/wp\/v2\/pages\/668\/revisions"}],"predecessor-version":[{"id":691,"href":"https:\/\/www.cpepoidsplume.ca\/index.php\/wp-json\/wp\/v2\/pages\/668\/revisions\/691"}],"wp:attachment":[{"href":"https:\/\/www.cpepoidsplume.ca\/index.php\/wp-json\/wp\/v2\/media?parent=668"}],"curies":[{"name":"wp","href":"https:\/\/api.w.org\/{rel}","templated":true}]}}