{"id":495,"date":"2018-10-22T11:46:35","date_gmt":"2018-10-22T16:46:35","guid":{"rendered":"http:\/\/www.cpepoidsplume.ca\/?page_id=495"},"modified":"2018-10-22T11:55:03","modified_gmt":"2018-10-22T16:55:03","slug":"comprendre-lenfant-dage-prescolaire","status":"publish","type":"page","link":"https:\/\/www.cpepoidsplume.ca\/index.php\/fiches-pour-les-parents\/rubriques-3-5-ans\/comprendre-lenfant-dage-prescolaire\/","title":{"rendered":"Comprendre l&rsquo;enfant d&rsquo;\u00e2ge pr\u00e9scolaire"},"content":{"rendered":"<p>L&rsquo;article suivant (\u00c9quipe Na\u00eetre et Grandir, 2017) est tir\u00e9 du site <a href=\"https:\/\/naitreetgrandir.com\/fr\/\">Na\u00eetre et Grandir<\/a>\u00a0:<\/p>\n<p>\u00c9quipe\u00a0 Na\u00eetre et Grandir (Octobre 2015). Comprendre l&rsquo;enfant d&rsquo;\u00e2ge pr\u00e9scolaire. Extrait de https:\/\/naitreetgrandir.com\/fr\/etape\/3-5-ans\/developpement\/fiche.aspx?doc=ik-naitre-grandir-comprendre-enfant-age-prescolaire<\/p>\n  \t<div class=\"pdf-light-viewer js-pdf-light-viewer pdf-light-viewer--theme-light\" \t\tdata-enable-zoom=\"1\"         data-zoom-magnify=\"1\">  \t\t \t\t<div class=\"pdf-light-viewer-magazine-viewport js-pdf-light-viewer-magazine-viewport with-nav-bottom\">  \t\t\t\t\t\t\t<ul class=\"pdf-light-viewer-features-top-panel\"> \t\t\t\t\t     <li>         <a title=\"T\u00e9l\u00e9charger\" href=\"https:\/\/www.cpepoidsplume.ca\/wp-content\/uploads\/2018\/10\/2_PoidPlum_0433_001.pdf\" target=\"_blank\">             <i class=\"icons slicon-cloud-download\"><\/i>         <\/a>     <\/li>      <li>         <a title=\"Plein-\u00e9cran\" href=\"#!\" class=\"js-pdf-light-viewer-fullscreen\">             <i class=\"icons slicon-size-fullscreen\"><\/i>             <i class=\"icons slicon-size-actual initially-hidden\"><\/i>         <\/a>     <\/li>      <li>         <a class=\"js-pdf-light-viewer-toggle-zoom\" href=\"#!\" title=\"Zoom activ\u00e9\">             <i class=\"icons slicon-frame\"><\/i>         <\/a>     <\/li>    \t\t\t\t<\/ul> \t\t\t \t\t\t<div class=\"pdf-light-viewer-magazine-viewport-container\"> \t\t\t\t<div class=\"js-pdf-light-viewer-magazine pdf-light-viewer-magazine\"                     data-max-book-width=\"0\"                     data-max-book-height=\"0\"                     data-limit-fullscreen-book-height=\"0\" \t\t\t\t\tdata-width=\"2550\" \t\t\t\t\tdata-height=\"3300\" \t\t\t\t\tdata-pages-count=\"2\" \t\t\t\t\tdata-page-layout=\"adaptive\"                     data-download-page-format=\"jpg\"                     data-theme=\"\"                     data-disable-images-preloading=\"0\"> \t\t\t\t\t\t\t\t\t\t\t<div style=\"background-image:url('https:\/\/www.cpepoidsplume.ca\/wp-content\/plugins\/pdf-light-viewer\/resources\/assets\/img\/lightpaperfibers.png');\"> \t\t\t\t\t\t\t<div class=\"gradient\"><\/div>                                                             <img \t\t\t\t\t\t\t\t\tclass=\"js-pdf-light-viewer-lazy-loading js-pdf-light-viewer-lazy-loading-1 initially-hidden\" \t\t\t\t\t\t\t\t\tsrc=\"https:\/\/i2.wp.com\/www.cpepoidsplume.ca\/wp-content\/plugins\/pdf-light-viewer\/resources\/assets\/img\/lightpaperfibers.png?w=640&#038;ssl=1\" \t\t\t\t\t\t\t\t\tdata-original=\"http:\/\/www.cpepoidsplume.ca\/wp-content\/uploads\/pdf-light-viewer\/493\/page-00001.jpg\" \t\t\t\t\t\t\t\t\t\t\t\t\t\t\t\t\t\t\t\t\t\t\t\t\t\t data-recalc-dims=\"1\"\t\/>                             \t\t\t\t\t\t<\/div> \t\t\t\t\t\t\t\t\t\t\t<div style=\"background-image:url('https:\/\/www.cpepoidsplume.ca\/wp-content\/plugins\/pdf-light-viewer\/resources\/assets\/img\/lightpaperfibers.png');\"> \t\t\t\t\t\t\t<div class=\"gradient\"><\/div>                                                             <img \t\t\t\t\t\t\t\t\tclass=\"js-pdf-light-viewer-lazy-loading js-pdf-light-viewer-lazy-loading-2 initially-hidden\" \t\t\t\t\t\t\t\t\tsrc=\"https:\/\/i2.wp.com\/www.cpepoidsplume.ca\/wp-content\/plugins\/pdf-light-viewer\/resources\/assets\/img\/lightpaperfibers.png?w=640&#038;ssl=1\" \t\t\t\t\t\t\t\t\tdata-original=\"http:\/\/www.cpepoidsplume.ca\/wp-content\/uploads\/pdf-light-viewer\/493\/page-00002.jpg\" \t\t\t\t\t\t\t\t\t\t\t\t\t\t\t\t\t\t\t\t\t\t\t\t\t\t data-recalc-dims=\"1\"\t\/>                             \t\t\t\t\t\t<\/div> \t\t\t\t\t\t\t\t\t<\/div> \t\t\t<\/div> \t\t<\/div>  \t\t<!-- Thumbnails --> \t\t\t\t\t<div class=\"pdf-light-viewer-magazine-thumbnails js-pdf-light-viewer-magazine-thumbnails\">  \t\t\t\t<div class=\"pdf-light-viewer-features-bottom-panel\"> \t\t\t\t\t<ul>     <li>         <div class=\"i pdf-light-viewer-slide\">             <a href=\"#page\/1\" class=\"page-1 js-page-thumbnail\">                 <img                     src=\"https:\/\/i1.wp.com\/www.cpepoidsplume.ca\/wp-content\/uploads\/pdf-light-viewer\/493-thumbs\/page-00001-100x76.jpg?resize=100%2C76\"                     alt=\"\"                     data-recalc-dims=\"1\" \/>             <\/a>             <span>                 1                             <\/span>         <\/div>     <\/li>                  <li>             <div class=\"i pdf-light-viewer-slide\">                 <a href=\"#page\/2\" class=\"page-2 js-page-thumbnail\">                     <img                         src=\"https:\/\/i2.wp.com\/www.cpepoidsplume.ca\/wp-content\/uploads\/pdf-light-viewer\/493-thumbs\/page-00002-100x76.jpg?resize=100%2C76\"                         alt=\"\"                         data-recalc-dims=\"1\" \/>                 <\/a>                 <span>                     2                                    <\/span>             <\/div>         <\/li>     <\/ul> \t\t\t\t<\/div>  \t\t\t<\/div> \t\t \t<\/div>  \n","protected":false},"excerpt":{"rendered":"<p>L&rsquo;article suivant (\u00c9quipe Na\u00eetre et Grandir, 2017) est tir\u00e9 du site Na\u00eetre et Grandir\u00a0: \u00c9quipe\u00a0 Na\u00eetre et Grandir (Octobre 2015). Comprendre l&rsquo;enfant d&rsquo;\u00e2ge pr\u00e9scolaire. Extrait de https:\/\/naitreetgrandir.com\/fr\/etape\/3-5-ans\/developpement\/fiche.aspx?doc=ik-naitre-grandir-comprendre-enfant-age-prescolaire<\/p>\n","protected":false},"author":1,"featured_media":0,"parent":348,"menu_order":0,"comment_status":"closed","ping_status":"closed","template":"","meta":{"spay_email":""},"jetpack_sharing_enabled":true,"jetpack_shortlink":"https:\/\/wp.me\/P9W3xx-7Z","jetpack_likes_enabled":true,"jetpack-related-posts":[],"_links":{"self":[{"href":"https:\/\/www.cpepoidsplume.ca\/index.php\/wp-json\/wp\/v2\/pages\/495"}],"collection":[{"href":"https:\/\/www.cpepoidsplume.ca\/index.php\/wp-json\/wp\/v2\/pages"}],"about":[{"href":"https:\/\/www.cpepoidsplume.ca\/index.php\/wp-json\/wp\/v2\/types\/page"}],"author":[{"embeddable":true,"href":"https:\/\/www.cpepoidsplume.ca\/index.php\/wp-json\/wp\/v2\/users\/1"}],"replies":[{"embeddable":true,"href":"https:\/\/www.cpepoidsplume.ca\/index.php\/wp-json\/wp\/v2\/comments?post=495"}],"version-history":[{"count":2,"href":"https:\/\/www.cpepoidsplume.ca\/index.php\/wp-json\/wp\/v2\/pages\/495\/revisions"}],"predecessor-version":[{"id":508,"href":"https:\/\/www.cpepoidsplume.ca\/index.php\/wp-json\/wp\/v2\/pages\/495\/revisions\/508"}],"up":[{"embeddable":true,"href":"https:\/\/www.cpepoidsplume.ca\/index.php\/wp-json\/wp\/v2\/pages\/348"}],"wp:attachment":[{"href":"https:\/\/www.cpepoidsplume.ca\/index.php\/wp-json\/wp\/v2\/media?parent=495"}],"curies":[{"name":"wp","href":"https:\/\/api.w.org\/{rel}","templated":true}]}}