{"id":362,"date":"2018-09-03T14:02:26","date_gmt":"2018-09-03T19:02:26","guid":{"rendered":"http:\/\/www.cpepoidsplume.ca\/?page_id=362"},"modified":"2018-09-03T14:02:49","modified_gmt":"2018-09-03T19:02:49","slug":"formulaires","status":"publish","type":"page","link":"https:\/\/www.cpepoidsplume.ca\/index.php\/fiches-pour-les-parents\/formulaires\/","title":{"rendered":"Formulaires"},"content":{"rendered":"<p>Formulaires \u00e0 t\u00e9l\u00e9charger et imprimer.<\/p>\n","protected":false},"excerpt":{"rendered":"<p>Formulaires \u00e0 t\u00e9l\u00e9charger et imprimer.<\/p>\n","protected":false},"author":1,"featured_media":0,"parent":303,"menu_order":0,"comment_status":"closed","ping_status":"closed","template":"","meta":{"spay_email":""},"jetpack_sharing_enabled":true,"jetpack_shortlink":"https:\/\/wp.me\/P9W3xx-5Q","jetpack_likes_enabled":true,"jetpack-related-posts":[],"_links":{"self":[{"href":"https:\/\/www.cpepoidsplume.ca\/index.php\/wp-json\/wp\/v2\/pages\/362"}],"collection":[{"href":"https:\/\/www.cpepoidsplume.ca\/index.php\/wp-json\/wp\/v2\/pages"}],"about":[{"href":"https:\/\/www.cpepoidsplume.ca\/index.php\/wp-json\/wp\/v2\/types\/page"}],"author":[{"embeddable":true,"href":"https:\/\/www.cpepoidsplume.ca\/index.php\/wp-json\/wp\/v2\/users\/1"}],"replies":[{"embeddable":true,"href":"https:\/\/www.cpepoidsplume.ca\/index.php\/wp-json\/wp\/v2\/comments?post=362"}],"version-history":[{"count":1,"href":"https:\/\/www.cpepoidsplume.ca\/index.php\/wp-json\/wp\/v2\/pages\/362\/revisions"}],"predecessor-version":[{"id":363,"href":"https:\/\/www.cpepoidsplume.ca\/index.php\/wp-json\/wp\/v2\/pages\/362\/revisions\/363"}],"up":[{"embeddable":true,"href":"https:\/\/www.cpepoidsplume.ca\/index.php\/wp-json\/wp\/v2\/pages\/303"}],"wp:attachment":[{"href":"https:\/\/www.cpepoidsplume.ca\/index.php\/wp-json\/wp\/v2\/media?parent=362"}],"curies":[{"name":"wp","href":"https:\/\/api.w.org\/{rel}","templated":true}]}}