{"id":342,"date":"2018-09-03T13:36:03","date_gmt":"2018-09-03T18:36:03","guid":{"rendered":"http:\/\/www.cpepoidsplume.ca\/?page_id=342"},"modified":"2026-02-24T09:34:05","modified_gmt":"2026-02-24T14:34:05","slug":"notre-approche-educative","status":"publish","type":"page","link":"https:\/\/www.cpepoidsplume.ca\/index.php\/presentation-du-cpe\/notre-approche-educative\/","title":{"rendered":"Notre approche \u00e9ducative"},"content":{"rendered":"<p>Notre approche \u00e9ducative est ax\u00e9e sur le bien-\u00eatre de l&rsquo;enfant, dans son unicit\u00e9. Notre approche est centr\u00e9e sur l&rsquo;accessibilit\u00e9 \u00e0 des enfants ayant des besoins particuliers, afin qu&rsquo;ils puissent prendre part en tout temps aux activit\u00e9s du groupe. L&rsquo;approche est aussi bas\u00e9e sur l&rsquo;apprentissage par le jeu, l&rsquo;autonomie. Nous optons aussi pour une approche \u00e9cologique, qui tient en compte de toutes les facettes qui forment l&rsquo;environnement de l&rsquo;enfant.<\/p>\n<h2><strong>Accessibilit\u00e9&nbsp;:<\/strong><\/h2>\n<p>Le CPE accueille des familles qui b\u00e9n\u00e9ficient des services de l\u2019IRDPQ pour<br \/>\nr\u00e9pondre aux besoins particuliers de leur enfant. Pr\u00e9sence d\u2019une \u00e9ducatrice<br \/>\nsp\u00e9cialis\u00e9e sur place afin de faciliter l\u2019int\u00e9gration de l\u2019enfant dans le CPE. Son<br \/>\nmandat est de travailler avec les forces et les d\u00e9fis de l\u2019enfant dans le but que<br \/>\ncelui-ci participe aux activit\u00e9s du quotidien. Le CPE compose avec les enfants<br \/>\nayant des besoins particuliers en les int\u00e9grant dans toutes les sph\u00e8res<br \/>\nd\u2019activit\u00e9s du quotidien. L\u2019enfant n\u2019est donc pas retir\u00e9 des groupes pour faire<br \/>\ndes th\u00e9rapies, mais les objectifs poursuivis en th\u00e9rapie sont pris en compte<br \/>\npour les int\u00e9grer \u00e0 la vie quotidienne de l\u2019enfant. L\u2019enfant fait partie int\u00e9grante du groupe et l\u2019\u00e9ducatrice titulaire demeure une r\u00e9f\u00e9rence. Le personnel est<br \/>\nexp\u00e9riment\u00e9 et ouvert \u00e0 l\u2019unicit\u00e9 des enfants.<br \/>\nUne \u00e9troite collaboration avec l\u2019IRDPQ fait en sorte que d\u2019avoir acc\u00e8s \u00e0 des<br \/>\ninformations et des professionnels lorsqu\u2019il y a un questionnement, et<br \/>\nl\u2019expertise des \u00e9ducatrices et \u00e9ducatrices sp\u00e9cialis\u00e9es se voit enrichie par les<br \/>\npr\u00e9cieux conseils des th\u00e9rapeutes.<\/p>\n<h2>Apprentissage par le jeu&nbsp;:<\/h2>\n<p>Le CPE Poids Plume offre \u00e0 chacun un environnement stable, stimulant o\u00f9<br \/>\nl\u2019enfant peut apprendre par le jeu. Des activit\u00e9s bas\u00e9es sur la zone proximale<br \/>\nde chaque enfant sont planifi\u00e9es pour susciter son d\u00e9veloppement en utilisant<br \/>\nson propre moteur d\u2019exploration.<\/p>\n<h2>Autonomie&nbsp;:<\/h2>\n<p>L\u2019enfant est son propre agent de d\u00e9veloppement. Nous l\u2019accompagnons en<br \/>\nfaisant de l\u2019\u00e9tayage sur les diff\u00e9rentes sph\u00e8res de son d\u00e9veloppement. Nous<br \/>\nobservons, nous proposons et nous \u00e9valuons chaque \u00e9tape pour l\u2019aider \u00e0<br \/>\ngrandir. Nous posons les premi\u00e8res pierres qui l\u2019am\u00e8neront d\u00e9velopper leur<br \/>\nplein potentiel, devenir de bonnes petites personnes qui, ultimement,<br \/>\nr\u00e9ussiront leur entr\u00e9e \u00e0 l\u2019\u00e9cole.<\/p>\n<h2>Approche \u00e9cologique&nbsp;:<\/h2>\n<p>L\u2019approfondissement de notre connaissance du d\u00e9veloppement des enfants<br \/>\nnous pousse \u00e0 perfectionner notre accompagnement aupr\u00e8s des enfants. Nous<br \/>\ndevons de plus en plus nous approcher du milieu familial pour mieux le<br \/>\nconna\u00eetre, le comprendre et le soutenir. L\u2019approche \u00e9cologique nous permet<br \/>\nd\u2019obtenir la reconnaissance de la qualit\u00e9 de notre service de garde. Nous<br \/>\nsommes des facilitateurs d\u2019int\u00e9gration. Chaque enfant immigre dans un milieu<br \/>\nqui diff\u00e8re de sa famille et nous devons prot\u00e9ger le noyau familial jusqu\u2019\u00e0<br \/>\ns\u2019approcher \u00e0 un tel point de son port d\u2019attache que le parent s\u00e9curis\u00e9 soit<br \/>\ninfluenc\u00e9 par le milieu et vice versa.<\/p>\n","protected":false},"excerpt":{"rendered":"<p>Notre approche \u00e9ducative est ax\u00e9e sur le bien-\u00eatre de l&rsquo;enfant, dans son unicit\u00e9. Notre approche est centr\u00e9e sur l&rsquo;accessibilit\u00e9 \u00e0 des enfants ayant des besoins particuliers, afin qu&rsquo;ils puissent prendre part en tout temps aux [&hellip;]<\/p>\n","protected":false},"author":1,"featured_media":865,"parent":281,"menu_order":0,"comment_status":"closed","ping_status":"closed","template":"","meta":{"spay_email":""},"jetpack_sharing_enabled":true,"jetpack_shortlink":"https:\/\/wp.me\/P9W3xx-5w","jetpack_likes_enabled":true,"jetpack-related-posts":[],"_links":{"self":[{"href":"https:\/\/www.cpepoidsplume.ca\/index.php\/wp-json\/wp\/v2\/pages\/342"}],"collection":[{"href":"https:\/\/www.cpepoidsplume.ca\/index.php\/wp-json\/wp\/v2\/pages"}],"about":[{"href":"https:\/\/www.cpepoidsplume.ca\/index.php\/wp-json\/wp\/v2\/types\/page"}],"author":[{"embeddable":true,"href":"https:\/\/www.cpepoidsplume.ca\/index.php\/wp-json\/wp\/v2\/users\/1"}],"replies":[{"embeddable":true,"href":"https:\/\/www.cpepoidsplume.ca\/index.php\/wp-json\/wp\/v2\/comments?post=342"}],"version-history":[{"count":4,"href":"https:\/\/www.cpepoidsplume.ca\/index.php\/wp-json\/wp\/v2\/pages\/342\/revisions"}],"predecessor-version":[{"id":875,"href":"https:\/\/www.cpepoidsplume.ca\/index.php\/wp-json\/wp\/v2\/pages\/342\/revisions\/875"}],"up":[{"embeddable":true,"href":"https:\/\/www.cpepoidsplume.ca\/index.php\/wp-json\/wp\/v2\/pages\/281"}],"wp:featuredmedia":[{"embeddable":true,"href":"https:\/\/www.cpepoidsplume.ca\/index.php\/wp-json\/wp\/v2\/media\/865"}],"wp:attachment":[{"href":"https:\/\/www.cpepoidsplume.ca\/index.php\/wp-json\/wp\/v2\/media?parent=342"}],"curies":[{"name":"wp","href":"https:\/\/api.w.org\/{rel}","templated":true}]}}