{"id":116,"date":"2018-03-07T21:09:58","date_gmt":"2018-03-08T02:09:58","guid":{"rendered":"http:\/\/cornemuze.com\/?page_id=116"},"modified":"2026-02-24T09:30:43","modified_gmt":"2026-02-24T14:30:43","slug":"nos-installations","status":"publish","type":"page","link":"https:\/\/www.cpepoidsplume.ca\/index.php\/presentation-du-cpe\/nos-installations\/","title":{"rendered":"Nos installations"},"content":{"rendered":"<p>Notre CPE est un joli \u00e9tablissement en retrait, bord\u00e9 d&rsquo;un bois\u00e9 et \u00e0 proximit\u00e9 d&rsquo;une butte de glisse et d&rsquo;un parc municipal. Sa relativement petite taille \u00e0 55 enfants permet un accueil personnalis\u00e9 de votre enfant.<\/p>\n<p>&#8211; Chacun des sept groupes du CPE Poids Plume poss\u00e8de son propre local\u00a0: les deux groupes poupons ainsi que les 18-24 mois sont \u00e0 l\u2019\u00e9tage inf\u00e9rieur, et les groupes de 2 \u00e0 5 ans sont \u00e0 l\u2019\u00e9tage sup\u00e9rieur;<\/p>\n<p>&#8211; Deux cours ext\u00e9rieures, une r\u00e9serv\u00e9e pour les poupons et l\u2019autre pour les plus \u00e2g\u00e9s qui sont am\u00e9nag\u00e9es de fa\u00e7on s\u00e9curitaire afin d\u2019amener tous les enfants \u00e0 se d\u00e9passer. Plusieurs jeux et jouets sont disponibles en tout temps, blocs moteurs et activit\u00e9s r\u00e9cr\u00e9atives (bicyclettes, trottinettes, etc. ) sont \u00e9galement disponibles en r\u00e9serve.<\/p>\n<p>&#8211; Acc\u00e8s \u00e0 la cour int\u00e9rieure adapt\u00e9e de l\u2019IRDPQ;<\/p>\n<p>&#8211; Acc\u00e8s \u00e0 la for\u00eat adjacente afin d\u2019y d\u00e9couvrir plantes, insectes, feuilles et jouer \u00e0 cache-cache dans un univers naturel;<\/p>\n<p>&#8211; Acc\u00e8s au gymnase int\u00e9rieur de l\u2019IRDPQ en cas de mauvaise temp\u00e9rature, mais \u00e9galement pour participer \u00e0 certaines activit\u00e9s motrices ou culturelles (yoga, atelier musical, jeux libres dans les modules de jeux, etc.);<\/p>\n<p>&#8211; Parc de quartier (Parc Ste-Isabelle) \u00e0 proximit\u00e9 pour les plus vieux.<\/p>\n<p>&#8211; Des vestiaires sont partag\u00e9s selon les groupes d\u2019\u00e2ge, chaque enfant poss\u00e9dant son propre espace personnel identifi\u00e9;<\/p>\n","protected":false},"excerpt":{"rendered":"<p>Notre CPE est un joli \u00e9tablissement en retrait, bord\u00e9 d&rsquo;un bois\u00e9 et \u00e0 proximit\u00e9 d&rsquo;une butte de glisse et d&rsquo;un parc municipal. Sa relativement petite taille \u00e0 55 enfants permet un accueil personnalis\u00e9 de votre [&hellip;]<\/p>\n","protected":false},"author":1,"featured_media":873,"parent":281,"menu_order":0,"comment_status":"closed","ping_status":"closed","template":"","meta":{"spay_email":""},"jetpack_sharing_enabled":true,"jetpack_shortlink":"https:\/\/wp.me\/P9W3xx-1S","jetpack_likes_enabled":true,"jetpack-related-posts":[],"_links":{"self":[{"href":"https:\/\/www.cpepoidsplume.ca\/index.php\/wp-json\/wp\/v2\/pages\/116"}],"collection":[{"href":"https:\/\/www.cpepoidsplume.ca\/index.php\/wp-json\/wp\/v2\/pages"}],"about":[{"href":"https:\/\/www.cpepoidsplume.ca\/index.php\/wp-json\/wp\/v2\/types\/page"}],"author":[{"embeddable":true,"href":"https:\/\/www.cpepoidsplume.ca\/index.php\/wp-json\/wp\/v2\/users\/1"}],"replies":[{"embeddable":true,"href":"https:\/\/www.cpepoidsplume.ca\/index.php\/wp-json\/wp\/v2\/comments?post=116"}],"version-history":[{"count":5,"href":"https:\/\/www.cpepoidsplume.ca\/index.php\/wp-json\/wp\/v2\/pages\/116\/revisions"}],"predecessor-version":[{"id":874,"href":"https:\/\/www.cpepoidsplume.ca\/index.php\/wp-json\/wp\/v2\/pages\/116\/revisions\/874"}],"up":[{"embeddable":true,"href":"https:\/\/www.cpepoidsplume.ca\/index.php\/wp-json\/wp\/v2\/pages\/281"}],"wp:featuredmedia":[{"embeddable":true,"href":"https:\/\/www.cpepoidsplume.ca\/index.php\/wp-json\/wp\/v2\/media\/873"}],"wp:attachment":[{"href":"https:\/\/www.cpepoidsplume.ca\/index.php\/wp-json\/wp\/v2\/media?parent=116"}],"curies":[{"name":"wp","href":"https:\/\/api.w.org\/{rel}","templated":true}]}}