{"id":113,"date":"2018-03-07T21:07:38","date_gmt":"2018-03-08T02:07:38","guid":{"rendered":"http:\/\/cornemuze.com\/?page_id=113"},"modified":"2018-06-26T17:45:53","modified_gmt":"2018-06-26T22:45:53","slug":"notre-histoire","status":"publish","type":"page","link":"https:\/\/www.cpepoidsplume.ca\/index.php\/presentation-du-cpe\/notre-histoire\/","title":{"rendered":"Notre histoire"},"content":{"rendered":"<p>\u00c0 la fin des ann\u00e9es 70, une garderie \u00ab\u00a0Madame prend cong\u00e9\u00a0\u00bb fit son apparition dans une ancienne cabane \u00e0 patins sur le site de l\u2019actuelle \u00e9cole Saint-Louis-de-France (sur la route de l\u2019\u00c9glise).\u00a0 Cette halte-garderie paroissiale comptait 3 \u00e9ducatrices et accueillait les enfants pour une demi-journ\u00e9e ou une journ\u00e9e compl\u00e8te, selon les besoins.<\/p>\n<p>&nbsp;<\/p>\n<p>En 1982, la garderie fut constitu\u00e9e en organisme sans but lucratif et devint Mistigri II, une garderie de la Ville de Sainte-Foy.\u00a0 C\u2019est \u00e0 ce moment que les enfants commenc\u00e8rent \u00e0 \u00eatre accueilli \u00e0 l\u2019ann\u00e9e longue et non seulement pour des besoins ponctuels.\u00a0 \u00c0 ce moment, environ 24 enfants multi-\u00e2ge \u00e9taient accueillis dans l\u2019unique local.<\/p>\n<p>&nbsp;<\/p>\n<p>Puis, une alliance s\u2019est d\u00e9velopp\u00e9e avec le Centre Cardinal Villeneuve (l\u2019actuel IRDPQ) afin d\u2019\u00eatre le premier Centre de la Petite Enfance \u00e0 int\u00e9grer des enfants \u00e0 besoins particuliers.\u00a0 Un concours fut organis\u00e9 parmi les parents pour trouver un nouveau nom et la construction du nouveau b\u00e2timent sur le terrain du Centre fut d\u00e9but\u00e9e.<\/p>\n<p>&nbsp;<\/p>\n<p>C\u2019est donc en 1995 que le d\u00e9m\u00e9nagement dans les locaux actuels eut lieu, permettant ainsi d\u2019accueillir 55 enfants, et que le CPE Poids Plume tel qu\u2019on le connait aujourd\u2019hui a r\u00e9ellement pris son envol.<\/p>\n","protected":false},"excerpt":{"rendered":"<p>\u00c0 la fin des ann\u00e9es 70, une garderie \u00ab\u00a0Madame prend cong\u00e9\u00a0\u00bb fit son apparition dans une ancienne cabane \u00e0 patins sur le site de l\u2019actuelle \u00e9cole Saint-Louis-de-France (sur la route de l\u2019\u00c9glise).\u00a0 Cette halte-garderie paroissiale [&hellip;]<\/p>\n","protected":false},"author":1,"featured_media":102,"parent":281,"menu_order":0,"comment_status":"closed","ping_status":"closed","template":"","meta":{"spay_email":""},"jetpack_sharing_enabled":true,"jetpack_shortlink":"https:\/\/wp.me\/P9W3xx-1P","jetpack_likes_enabled":true,"jetpack-related-posts":[],"_links":{"self":[{"href":"https:\/\/www.cpepoidsplume.ca\/index.php\/wp-json\/wp\/v2\/pages\/113"}],"collection":[{"href":"https:\/\/www.cpepoidsplume.ca\/index.php\/wp-json\/wp\/v2\/pages"}],"about":[{"href":"https:\/\/www.cpepoidsplume.ca\/index.php\/wp-json\/wp\/v2\/types\/page"}],"author":[{"embeddable":true,"href":"https:\/\/www.cpepoidsplume.ca\/index.php\/wp-json\/wp\/v2\/users\/1"}],"replies":[{"embeddable":true,"href":"https:\/\/www.cpepoidsplume.ca\/index.php\/wp-json\/wp\/v2\/comments?post=113"}],"version-history":[{"count":2,"href":"https:\/\/www.cpepoidsplume.ca\/index.php\/wp-json\/wp\/v2\/pages\/113\/revisions"}],"predecessor-version":[{"id":302,"href":"https:\/\/www.cpepoidsplume.ca\/index.php\/wp-json\/wp\/v2\/pages\/113\/revisions\/302"}],"up":[{"embeddable":true,"href":"https:\/\/www.cpepoidsplume.ca\/index.php\/wp-json\/wp\/v2\/pages\/281"}],"wp:featuredmedia":[{"embeddable":true,"href":"https:\/\/www.cpepoidsplume.ca\/index.php\/wp-json\/wp\/v2\/media\/102"}],"wp:attachment":[{"href":"https:\/\/www.cpepoidsplume.ca\/index.php\/wp-json\/wp\/v2\/media?parent=113"}],"curies":[{"name":"wp","href":"https:\/\/api.w.org\/{rel}","templated":true}]}}