{"id":110,"date":"2018-03-07T21:06:19","date_gmt":"2018-03-08T02:06:19","guid":{"rendered":"http:\/\/cornemuze.com\/?page_id=110"},"modified":"2026-02-24T09:20:48","modified_gmt":"2026-02-24T14:20:48","slug":"nos-valeurs-educatives","status":"publish","type":"page","link":"https:\/\/www.cpepoidsplume.ca\/","title":{"rendered":"Les valeurs Poids Plume"},"content":{"rendered":"<p>On a a coeur vos tous petits et nos activit\u00e9s sont structur\u00e9es autour des valeurs du CPE pour leur permettre de s&rsquo;\u00e9panouir et grandir.<\/p>\n<h2>1) Le respect des enfants<\/h2>\n<p>Chaque enfant a un d\u00e9veloppement particulier. La curiosit\u00e9 s\u2019\u00e9veille de plusieurs<br \/>\nfa\u00e7ons. \u00c9tablir un lien d\u2019attachement, c\u2019est cr\u00e9er un espace de respect, une zone de<br \/>\nconfort et de confiance dans notre relation. La personnalit\u00e9, les forces, les d\u00e9fis \u00e0<br \/>\nsurmonter, les caract\u00e9ristiques de la famille sont des facteurs \u00e0 conna\u00eetre pour<br \/>\nnourrir le respect.<\/p>\n<p>Nous voulons que l&rsquo;enfant ait un sentiment de consid\u00e9ration en se<br \/>\nrespectant, en respectant les autres et en respectant l&rsquo;environnement.<\/p>\n<p>Le quotidien fournit maintes fa\u00e7ons de reconna\u00eetre l\u2019unicit\u00e9. Respecter son choix<br \/>\nd\u2019activit\u00e9s ou de jeux, respecter qu\u2019aujourd\u2019hui Nicolas a une petite faim ou qu\u2019il est<br \/>\nfatigu\u00e9 et que son choix de s\u2019\u00e9tendre dans le coin doux avec un livre est tout \u00e0 fait<br \/>\nadapt\u00e9 \u00e0 son rythme du matin; verbaliser le d\u00e9sir d\u2019un ami de conserver son jeu ou<br \/>\nde jouer seul; accompagner un enfant qui a du mal \u00e0 surmonter une difficult\u00e9 en lui<br \/>\ndonnant le soutien pour r\u00e9ussir; \u00eatre pr\u00e9sent quand un enfant est d\u00e9pass\u00e9 par une<br \/>\nsituation.<\/p>\n<h4><a href=\"https:\/\/wp.me\/P9W3xx-64\">Page Suivante<\/a><\/h4>\n","protected":false},"excerpt":{"rendered":"<p>On a a coeur vos tous petits et nos activit\u00e9s sont structur\u00e9es autour des valeurs du CPE pour leur permettre de s&rsquo;\u00e9panouir et grandir. 1) Le respect des enfants Chaque enfant a un d\u00e9veloppement particulier. [&hellip;]<\/p>\n","protected":false},"author":1,"featured_media":869,"parent":0,"menu_order":0,"comment_status":"closed","ping_status":"closed","template":"","meta":{"spay_email":""},"jetpack_sharing_enabled":true,"jetpack_shortlink":"https:\/\/wp.me\/P9W3xx-1M","jetpack_likes_enabled":true,"jetpack-related-posts":[],"_links":{"self":[{"href":"https:\/\/www.cpepoidsplume.ca\/index.php\/wp-json\/wp\/v2\/pages\/110"}],"collection":[{"href":"https:\/\/www.cpepoidsplume.ca\/index.php\/wp-json\/wp\/v2\/pages"}],"about":[{"href":"https:\/\/www.cpepoidsplume.ca\/index.php\/wp-json\/wp\/v2\/types\/page"}],"author":[{"embeddable":true,"href":"https:\/\/www.cpepoidsplume.ca\/index.php\/wp-json\/wp\/v2\/users\/1"}],"replies":[{"embeddable":true,"href":"https:\/\/www.cpepoidsplume.ca\/index.php\/wp-json\/wp\/v2\/comments?post=110"}],"version-history":[{"count":14,"href":"https:\/\/www.cpepoidsplume.ca\/index.php\/wp-json\/wp\/v2\/pages\/110\/revisions"}],"predecessor-version":[{"id":871,"href":"https:\/\/www.cpepoidsplume.ca\/index.php\/wp-json\/wp\/v2\/pages\/110\/revisions\/871"}],"wp:featuredmedia":[{"embeddable":true,"href":"https:\/\/www.cpepoidsplume.ca\/index.php\/wp-json\/wp\/v2\/media\/869"}],"wp:attachment":[{"href":"https:\/\/www.cpepoidsplume.ca\/index.php\/wp-json\/wp\/v2\/media?parent=110"}],"curies":[{"name":"wp","href":"https:\/\/api.w.org\/{rel}","templated":true}]}}